{"id":48,"date":"2023-02-21T12:03:02","date_gmt":"2023-02-21T12:03:02","guid":{"rendered":"https:\/\/www.am-spiegelgasse.de\/?page_id=48"},"modified":"2024-12-05T12:05:12","modified_gmt":"2024-12-05T11:05:12","slug":"standort","status":"publish","type":"page","link":"https:\/\/www.am-spiegelgasse.de\/index.php\/standort\/","title":{"rendered":"Standort"},"content":{"rendered":"\n<p class=\"has-white-color has-vivid-cyan-blue-background-color has-text-color has-background\" style=\"font-size:2.2rem\">Standort<\/p>\n\n\n\n<div class=\"wp-block-columns is-layout-flex wp-container-core-columns-is-layout-28f84493 wp-block-columns-is-layout-flex\">\n<div class=\"wp-block-column is-layout-flow wp-block-column-is-layout-flow\">\n<p>Das Aktive Museum Spiegelgasse f\u00fcr Deutsch-J\u00fcdische Geschichte in Wiesbaden e.V. (AMS) besteht aus zwei Bereichen in zwei Geb\u00e4uden:<\/p>\n\n\n\n<p>der Gesch\u00e4ftsstelle mit B\u00fcros, Archiv, Bibliothek und Leseraum in der <strong>Spiegelgasse 9<\/strong><\/p>\n\n\n\n<p>und dem Ausstellungshaus in der <strong>Spiegelgasse 11<\/strong>.<\/p>\n\n\n\n<p>Die Unterbringung einer zentralen Institution der Wiesbadener Erinnerungskultur am Standort Spiegelgasse kommt nicht von ungef\u00e4hr. Seit 1724 bot hier ein j\u00fcdisches \u201eBadhaus\u201c j\u00fcdischen Kurg\u00e4sten die Gelegenheit, sich der \u00e4u\u00dferen Anwendung von hei\u00dfem Thermalwasser zu unterziehen. Von 1732 bis 1790 gab es zus\u00e4tzlich eine Synagoge. Mit dem Verkauf des Anwesens 1837 endete seine j\u00fcdische Nutzungsepoche.<br>Genau 150 Jahre sp\u00e4ter \u2013&nbsp;1987 \u2013 drohte dem Geb\u00e4ude in der Spiegelgasse 11 der Abriss. Engagierte Menschen aus Wiesbaden schafften es jedoch, das Fachwerkhaus aus der Nassauer Zeit zu retten. Sie bewahrten damit auch ein Zeugnis fr\u00fchen j\u00fcdischen Lebens in unserer Stadt vor dem Verschwinden.<\/p>\n<\/div>\n\n\n\n<div class=\"wp-block-column is-layout-flow wp-block-column-is-layout-flow\">\n<figure class=\"wp-block-image size-large is-resized\"><img loading=\"lazy\" decoding=\"async\" width=\"1024\" height=\"782\" src=\"https:\/\/www.am-spiegelgasse.de\/wp-content\/uploads\/2023\/02\/Aktives_Museum_Spiegelgasse_in_Wiesbaden_Geschaeftsstelle_Bibliothek_Archiv-1024x782.jpg\" alt=\"Vorderansicht Spiegelgasse 9\" class=\"wp-image-88\" style=\"width:512px\" title=\"Vorderansicht Spiegelgasse 9\" srcset=\"https:\/\/www.am-spiegelgasse.de\/wp-content\/uploads\/2023\/02\/Aktives_Museum_Spiegelgasse_in_Wiesbaden_Geschaeftsstelle_Bibliothek_Archiv-1024x782.jpg 1024w, https:\/\/www.am-spiegelgasse.de\/wp-content\/uploads\/2023\/02\/Aktives_Museum_Spiegelgasse_in_Wiesbaden_Geschaeftsstelle_Bibliothek_Archiv-300x229.jpg 300w, https:\/\/www.am-spiegelgasse.de\/wp-content\/uploads\/2023\/02\/Aktives_Museum_Spiegelgasse_in_Wiesbaden_Geschaeftsstelle_Bibliothek_Archiv-768x587.jpg 768w, https:\/\/www.am-spiegelgasse.de\/wp-content\/uploads\/2023\/02\/Aktives_Museum_Spiegelgasse_in_Wiesbaden_Geschaeftsstelle_Bibliothek_Archiv-1536x1174.jpg 1536w, https:\/\/www.am-spiegelgasse.de\/wp-content\/uploads\/2023\/02\/Aktives_Museum_Spiegelgasse_in_Wiesbaden_Geschaeftsstelle_Bibliothek_Archiv-2048x1565.jpg 2048w, https:\/\/www.am-spiegelgasse.de\/wp-content\/uploads\/2023\/02\/Aktives_Museum_Spiegelgasse_in_Wiesbaden_Geschaeftsstelle_Bibliothek_Archiv-1000x764.jpg 1000w, https:\/\/www.am-spiegelgasse.de\/wp-content\/uploads\/2023\/02\/Aktives_Museum_Spiegelgasse_in_Wiesbaden_Geschaeftsstelle_Bibliothek_Archiv-230x176.jpg 230w, https:\/\/www.am-spiegelgasse.de\/wp-content\/uploads\/2023\/02\/Aktives_Museum_Spiegelgasse_in_Wiesbaden_Geschaeftsstelle_Bibliothek_Archiv-350x267.jpg 350w, https:\/\/www.am-spiegelgasse.de\/wp-content\/uploads\/2023\/02\/Aktives_Museum_Spiegelgasse_in_Wiesbaden_Geschaeftsstelle_Bibliothek_Archiv-480x367.jpg 480w\" sizes=\"auto, (max-width: 1024px) 100vw, 1024px\" \/><figcaption class=\"wp-element-caption\">Gesch\u00e4ftsstelle &#8211;  Spiegelgasse 9<\/figcaption><\/figure>\n<\/div>\n<\/div>\n\n\n\n<div class=\"wp-block-columns is-layout-flex wp-container-core-columns-is-layout-28f84493 wp-block-columns-is-layout-flex\">\n<div class=\"wp-block-column is-layout-flow wp-block-column-is-layout-flow\">\n<p>Aus demselben Kreis entsprang auch die n\u00e4chste Idee: genau an diesem Ort im Herzen der Stadt einen Platz zu schaffen f\u00fcr die Aufarbeitung deutsch-j\u00fcdischer Geschichte in Wiesbaden, f\u00fcr eine Forschungs- und Begegnungsst\u00e4tte, f\u00fcr die Sichtbarmachung dessen, was bis in die sp\u00e4ten 1970er Jahre hinein geleugnet und verdr\u00e4ngt worden war.<\/p>\n\n\n\n<p>Zu diesem Zweck wurde bereits 1988 der F\u00f6rderkreis Aktives Museum deutsch-j\u00fcdischer Geschichte in Wiesbaden (FAM) gegr\u00fcndet. 2001 benannte er sich in Aktives Museum Spiegelgasse um.<\/p>\n<\/div>\n\n\n\n<div class=\"wp-block-column is-layout-flow wp-block-column-is-layout-flow\">\n<figure class=\"wp-block-image size-full is-resized\"><img loading=\"lazy\" decoding=\"async\" width=\"1024\" height=\"683\" src=\"https:\/\/www.am-spiegelgasse.de\/wp-content\/uploads\/2023\/02\/Aktives_Museum_Spiegelgasse_in_Wiesbaden_Ausstellungshaus.jpg\" alt=\"Vorderansicht Ausstellungshaus Spiegelgasse 11\" class=\"wp-image-84\" style=\"width:512px\" title=\"Vorderansicht Spiegelgasse 11\" srcset=\"https:\/\/www.am-spiegelgasse.de\/wp-content\/uploads\/2023\/02\/Aktives_Museum_Spiegelgasse_in_Wiesbaden_Ausstellungshaus.jpg 1024w, https:\/\/www.am-spiegelgasse.de\/wp-content\/uploads\/2023\/02\/Aktives_Museum_Spiegelgasse_in_Wiesbaden_Ausstellungshaus-300x200.jpg 300w, https:\/\/www.am-spiegelgasse.de\/wp-content\/uploads\/2023\/02\/Aktives_Museum_Spiegelgasse_in_Wiesbaden_Ausstellungshaus-768x512.jpg 768w, https:\/\/www.am-spiegelgasse.de\/wp-content\/uploads\/2023\/02\/Aktives_Museum_Spiegelgasse_in_Wiesbaden_Ausstellungshaus-1000x667.jpg 1000w, https:\/\/www.am-spiegelgasse.de\/wp-content\/uploads\/2023\/02\/Aktives_Museum_Spiegelgasse_in_Wiesbaden_Ausstellungshaus-230x153.jpg 230w, https:\/\/www.am-spiegelgasse.de\/wp-content\/uploads\/2023\/02\/Aktives_Museum_Spiegelgasse_in_Wiesbaden_Ausstellungshaus-350x233.jpg 350w, https:\/\/www.am-spiegelgasse.de\/wp-content\/uploads\/2023\/02\/Aktives_Museum_Spiegelgasse_in_Wiesbaden_Ausstellungshaus-480x320.jpg 480w\" sizes=\"auto, (max-width: 1024px) 100vw, 1024px\" \/><figcaption class=\"wp-element-caption\">Ausstellungshaus &#8211; Spiegelgasse 11<\/figcaption><\/figure>\n<\/div>\n<\/div>\n\n\n\n<p><strong>Sie finden uns hier:<\/strong><\/p>\n\n\n\n<div class=\"wp-block-columns is-layout-flex wp-container-core-columns-is-layout-28f84493 wp-block-columns-is-layout-flex\">\n<div class=\"wp-block-column is-layout-flow wp-block-column-is-layout-flow\" style=\"flex-basis:50%\">\n<figure class=\"wp-block-image size-large is-resized\"><img loading=\"lazy\" decoding=\"async\" width=\"1024\" height=\"540\" src=\"https:\/\/www.am-spiegelgasse.de\/wp-content\/uploads\/2023\/02\/Aktvies_Museum_Spiegelgasse_Wiesbaden_Lageplan_2-1024x540.jpg\" alt=\"\u00a9openstreetmap\" class=\"wp-image-85\" style=\"width:512px\" srcset=\"https:\/\/www.am-spiegelgasse.de\/wp-content\/uploads\/2023\/02\/Aktvies_Museum_Spiegelgasse_Wiesbaden_Lageplan_2-1024x540.jpg 1024w, https:\/\/www.am-spiegelgasse.de\/wp-content\/uploads\/2023\/02\/Aktvies_Museum_Spiegelgasse_Wiesbaden_Lageplan_2-300x158.jpg 300w, https:\/\/www.am-spiegelgasse.de\/wp-content\/uploads\/2023\/02\/Aktvies_Museum_Spiegelgasse_Wiesbaden_Lageplan_2-768x405.jpg 768w, https:\/\/www.am-spiegelgasse.de\/wp-content\/uploads\/2023\/02\/Aktvies_Museum_Spiegelgasse_Wiesbaden_Lageplan_2-1536x810.jpg 1536w, https:\/\/www.am-spiegelgasse.de\/wp-content\/uploads\/2023\/02\/Aktvies_Museum_Spiegelgasse_Wiesbaden_Lageplan_2-2048x1080.jpg 2048w, https:\/\/www.am-spiegelgasse.de\/wp-content\/uploads\/2023\/02\/Aktvies_Museum_Spiegelgasse_Wiesbaden_Lageplan_2-1000x527.jpg 1000w, https:\/\/www.am-spiegelgasse.de\/wp-content\/uploads\/2023\/02\/Aktvies_Museum_Spiegelgasse_Wiesbaden_Lageplan_2-230x121.jpg 230w, https:\/\/www.am-spiegelgasse.de\/wp-content\/uploads\/2023\/02\/Aktvies_Museum_Spiegelgasse_Wiesbaden_Lageplan_2-350x185.jpg 350w, https:\/\/www.am-spiegelgasse.de\/wp-content\/uploads\/2023\/02\/Aktvies_Museum_Spiegelgasse_Wiesbaden_Lageplan_2-480x253.jpg 480w\" sizes=\"auto, (max-width: 1024px) 100vw, 1024px\" \/><figcaption class=\"wp-element-caption\">\u00a9openstreetmap<\/figcaption><\/figure>\n<\/div>\n\n\n\n<div class=\"wp-block-column is-layout-flow wp-block-column-is-layout-flow\" style=\"flex-basis:50%\">\n<p class=\"has-text-align-left\"><a rel=\"noreferrer noopener\" href=\"https:\/\/www.google.com\/maps\/place\/Aktives+Museum+Spiegelgasse+f%C3%BCr+Deutsch-J%C3%BCdische+Geschichte+in+Wiesbaden+e.V.\/@50.0853438,8.2424517,19z\/data=!4m6!3m5!1s0x47bdbdd995eda4f9:0xf008a1a042d5c709!8m2!3d50.0853438!4d8.2427092!16s%2Fg%2F120ykn8p\" target=\"_blank\">Direkt zu Google Maps<\/a><br>Bitte beachten Sie, dass Sie mit dem Klick unsere Website verlassen und die Datenschutzbestimmungen von Google gelten.<\/p>\n<\/div>\n<\/div>\n","protected":false},"excerpt":{"rendered":"<p>Standort Das Aktive Museum Spiegelgasse f\u00fcr Deutsch-J\u00fcdische Geschichte in Wiesbaden e.V. (AMS) besteht aus zwei Bereichen in zwei Geb\u00e4uden: der Gesch\u00e4ftsstelle mit [&hellip;]<\/p>\n","protected":false},"author":1,"featured_media":0,"parent":0,"menu_order":0,"comment_status":"closed","ping_status":"closed","template":"","meta":{"footnotes":""},"class_list":["post-48","page","type-page","status-publish","hentry"],"_links":{"self":[{"href":"https:\/\/www.am-spiegelgasse.de\/index.php\/wp-json\/wp\/v2\/pages\/48","targetHints":{"allow":["GET"]}}],"collection":[{"href":"https:\/\/www.am-spiegelgasse.de\/index.php\/wp-json\/wp\/v2\/pages"}],"about":[{"href":"https:\/\/www.am-spiegelgasse.de\/index.php\/wp-json\/wp\/v2\/types\/page"}],"author":[{"embeddable":true,"href":"https:\/\/www.am-spiegelgasse.de\/index.php\/wp-json\/wp\/v2\/users\/1"}],"replies":[{"embeddable":true,"href":"https:\/\/www.am-spiegelgasse.de\/index.php\/wp-json\/wp\/v2\/comments?post=48"}],"version-history":[{"count":6,"href":"https:\/\/www.am-spiegelgasse.de\/index.php\/wp-json\/wp\/v2\/pages\/48\/revisions"}],"predecessor-version":[{"id":1654,"href":"https:\/\/www.am-spiegelgasse.de\/index.php\/wp-json\/wp\/v2\/pages\/48\/revisions\/1654"}],"wp:attachment":[{"href":"https:\/\/www.am-spiegelgasse.de\/index.php\/wp-json\/wp\/v2\/media?parent=48"}],"curies":[{"name":"wp","href":"https:\/\/api.w.org\/{rel}","templated":true}]}}