{"id":590,"date":"2023-09-12T12:16:53","date_gmt":"2023-09-12T12:16:53","guid":{"rendered":"https:\/\/www.am-spiegelgasse.de\/?page_id=590"},"modified":"2026-04-13T13:49:09","modified_gmt":"2026-04-13T11:49:09","slug":"filme","status":"publish","type":"page","link":"https:\/\/www.am-spiegelgasse.de\/index.php\/filme\/","title":{"rendered":"Filme"},"content":{"rendered":"\n<p class=\"has-white-color has-vivid-cyan-blue-background-color has-text-color has-background\" style=\"font-size:2.2rem\">Filme<\/p>\n\n\n\n<div style=\"height:40px\" aria-hidden=\"true\" class=\"wp-block-spacer\"><\/div>\n\n\n\n<div class=\"wp-block-columns is-layout-flex wp-container-core-columns-is-layout-28f84493 wp-block-columns-is-layout-flex\">\n<div class=\"wp-block-column is-layout-flow wp-block-column-is-layout-flow\">\n<p class=\"is-style-default has-background has-medium-font-size\" style=\"background-color:#f8fafb\">Das AMS stellt sich vor:<br>Wer sind wir?<br>Was machen wir?<br>Was wollen wir?<br>Hier finden Sie Anworten.<\/p>\n<\/div>\n\n\n\n<div class=\"wp-block-column is-layout-flow wp-block-column-is-layout-flow\">\n<figure class=\"wp-block-video\"><video height=\"1080\" style=\"aspect-ratio: 1920 \/ 1080;\" width=\"1920\" controls poster=\"https:\/\/www.am-spiegelgasse.de\/wp-content\/uploads\/2024\/04\/Wir_sind_aktiv2.jpg\" src=\"https:\/\/www.am-spiegelgasse.de\/wp-content\/uploads\/2024\/02\/AMS-Imagefilm2.mp4\"><\/video><\/figure>\n<\/div>\n<\/div>\n\n\n\n<div class=\"wp-block-columns is-layout-flex wp-container-core-columns-is-layout-28f84493 wp-block-columns-is-layout-flex\">\n<div class=\"wp-block-column has-background is-layout-flow wp-block-column-is-layout-flow\" style=\"background-color:#f8fafb\">\n<p class=\"has-text-color has-medium-font-size\" id=\"stst\" style=\"color:#54d0f7\">Film zu den Wiesbadener Stolpersteinverlegungen<\/p>\n\n\n\n<p class=\"has-medium-font-size\">Im Auftrag des AMS hat der Filmemacher und Schauspieler Moritz Buch am 9. September 2025 bei uns in Wiesbaden mehrere Stolpersteinverlegungen mit der Kamera festgehalten.<br>Moritz Buch hat erg\u00e4nzende Video-Interviews gef\u00fchrt und aus dem so gewonnen Material ein Werk komponiert, das exemplarisch deutlich macht, welche Bedeutung dieser besonderen Form der Erinnerungsarbeit zu kommt.<br><br>Wer genau hinsieht, erkennt:<br>Gunter Demnig, der Initiator des Stolpersein-Projekts und damit des mittlerweile weltweit gr\u00f6\u00dften, dezentralen Denkmals, wagt sich am Rand des Wiesbadener Geschehens immer wieder selbst ins Bild.<br><br>Dieses Video hat auf Grund der klugen Kommentare seines Urhebers und des Engagements der mitwirkenden Jugendlichen das Pr\u00e4dikat \u201ebesonders sehenswert\u201c verdient.<\/p>\n<\/div>\n\n\n\n<div class=\"wp-block-column is-layout-flow wp-block-column-is-layout-flow\">\n<figure class=\"wp-block-video\"><video height=\"270\" style=\"aspect-ratio: 480 \/ 270;\" width=\"480\" controls poster=\"https:\/\/www.am-spiegelgasse.de\/wp-content\/uploads\/2026\/04\/Stolpersteine-final_komp.png\" src=\"https:\/\/www.am-spiegelgasse.de\/wp-content\/uploads\/2026\/04\/Stolpersteine-final_komp.mp4\"><\/video><\/figure>\n<\/div>\n<\/div>\n\n\n\n<div class=\"wp-block-columns is-layout-flex wp-container-core-columns-is-layout-28f84493 wp-block-columns-is-layout-flex\">\n<div class=\"wp-block-column has-background is-layout-flow wp-block-column-is-layout-flow\" style=\"background-color:#f8fafb;flex-basis:50%\">\n<p class=\"has-medium-font-size\" style=\"border-style:none;border-width:0px\"><p class=\"is-style-default has-background has-medium-font-size\" style=\"background-color:#f8fafb\"><span class=\"aktuell_headline_1\">Kfar Saba-Interview<\/span><br>Humanit\u00e4t und Menschenw\u00fcrde geraten derzeit leider immer weiter ins Abseits \u00f6ffentlicher Debatten. St\u00e4ndig wird abgerechnet, das Unverst\u00e4ndnis f\u00fcr andere gem\u00e4stet<br><br>Das Gegenteil bleibt m\u00f6glich, man muss es nur wollen und machen. Daf\u00fcr f\u00fcr steht steht ein Interview, das der \u201eFreundeskreis Kfar Saba e.V.\u201c und das AMS mit dem Ehe- und Autorenpaar Prof. Dr. Meron Mendel und Saba-Nur Cheema haben aufzeichnen lassen.<\/p><\/p>\n<\/div>\n\n\n\n<div class=\"wp-block-column is-layout-flow wp-block-column-is-layout-flow\" style=\"flex-basis:50%\">\n<figure class=\"wp-block-video\"><video controls poster=\"https:\/\/www.am-spiegelgasse.de\/wp-content\/uploads\/2024\/12\/Saba.png\" src=\"https:\/\/www.am-spiegelgasse.de\/wp-content\/uploads\/2024\/12\/WP_kfar_Saba_Dezember.mp4\"><\/video><\/figure>\n<\/div>\n<\/div>\n\n\n\n<div style=\"height:40px\" aria-hidden=\"true\" class=\"wp-block-spacer\"><\/div>\n\n\n\n<p class=\"has-text-align-center\"><strong>Julia Belot<br>Dir ins Gesicht geschrieben<\/strong><br>Gegenw\u00e4rtige Portr\u00e4ts aus der Vergangenheit<br>Ein Film von Prof. Alexander Moutchnik \u00a9 2024<\/p>\n\n\n\n<div class=\"wp-block-columns is-layout-flex wp-container-core-columns-is-layout-28f84493 wp-block-columns-is-layout-flex\">\n<div class=\"wp-block-column is-layout-flow wp-block-column-is-layout-flow\">\n<figure class=\"wp-block-embed is-type-video is-provider-youtube wp-block-embed-youtube wp-embed-aspect-16-9 wp-has-aspect-ratio\"><div class=\"wp-block-embed__wrapper\">\n<iframe loading=\"lazy\" title=\"Julia Belot mit ihren Gem\u00e4lden aus der Serie &quot;Dir ins Gesicht geschrieben&quot; im Atelier in Wiesbaden\" width=\"1170\" height=\"658\" src=\"https:\/\/www.youtube.com\/embed\/zMRuOvTM-t0?feature=oembed\" frameborder=\"0\" allow=\"accelerometer; autoplay; clipboard-write; encrypted-media; gyroscope; picture-in-picture; web-share\" referrerpolicy=\"strict-origin-when-cross-origin\" allowfullscreen><\/iframe>\n<\/div><figcaption class=\"wp-element-caption\">Video auf Deutsch<\/figcaption><\/figure>\n<\/div>\n\n\n\n<div class=\"wp-block-column is-layout-flow wp-block-column-is-layout-flow\">\n<figure class=\"wp-block-embed is-type-video is-provider-youtube wp-block-embed-youtube wp-embed-aspect-16-9 wp-has-aspect-ratio\"><div class=\"wp-block-embed__wrapper\">\n<iframe loading=\"lazy\" title=\"\u042e\u043b\u0438\u044f \u0411\u0435\u043b\u043e\u0442 \u043f\u0440\u0435\u0434\u0441\u0442\u0430\u0432\u043b\u044f\u0435\u0442 \u0441\u0435\u0440\u0438\u044e \u043a\u0430\u0440\u0442\u0438\u043d &quot;\u0423 \u0442\u0435\u0431\u044f \u043d\u0430 \u043b\u0438\u0446\u0435 \u043d\u0430\u043f\u0438\u0441\u0430\u043d\u043e&quot; \u0432 \u0441\u0432\u043e\u0435\u0439 \u043c\u0430\u0441\u0442\u0435\u0440\u0441\u043a\u043e\u0439 \u0432 \u0412\u0438\u0441\u0431\u0430\u0434\u0435\u043d\u0435\" width=\"1170\" height=\"658\" src=\"https:\/\/www.youtube.com\/embed\/2HtJYhApx28?feature=oembed\" frameborder=\"0\" allow=\"accelerometer; autoplay; clipboard-write; encrypted-media; gyroscope; picture-in-picture; web-share\" referrerpolicy=\"strict-origin-when-cross-origin\" allowfullscreen><\/iframe>\n<\/div><figcaption class=\"wp-element-caption\">Video auf Russisch<\/figcaption><\/figure>\n<\/div>\n<\/div>\n\n\n\n<div style=\"height:40px\" aria-hidden=\"true\" class=\"wp-block-spacer\"><\/div>\n\n\n\n<div class=\"wp-block-columns is-layout-flex wp-container-core-columns-is-layout-28f84493 wp-block-columns-is-layout-flex\">\n<div class=\"wp-block-column is-layout-flow wp-block-column-is-layout-flow\">\n<p class=\"has-background has-medium-font-size\" style=\"background-color:#f8fafb\">&#8222;Was ist, ist eben!<br>Das \u00dcberleben der Marianne Berndsen&#8220;<br><br>Die Zeitzeugin spricht dar\u00fcber, wie es ihr gelungen ist, sich nach 1945 ein erf\u00fclltes Leben zu erobern&#8230;<\/p>\n<\/div>\n\n\n\n<div class=\"wp-block-column is-layout-flow wp-block-column-is-layout-flow\">\n<figure style=\"background-color:#f8fafb\" class=\"wp-block-video\"><video controls poster=\"https:\/\/www.am-spiegelgasse.de\/wp-content\/uploads\/2024\/04\/Was_ist2.jpg\" src=\"https:\/\/www.am-spiegelgasse.de\/wp-content\/uploads\/2023\/09\/Berndsen_mit_Vorwort.mp4\"><\/video><\/figure>\n<\/div>\n<\/div>\n\n\n\n<p><\/p>\n\n\n\n<div class=\"wp-block-columns is-layout-flex wp-container-core-columns-is-layout-28f84493 wp-block-columns-is-layout-flex\">\n<div class=\"wp-block-column is-layout-flow wp-block-column-is-layout-flow\">\n<p class=\"has-background has-medium-font-size\" style=\"background-color:#f8fafb\">&#8222;\u00dcberlebt &#8211; Karl Harpuder&#8220;<br><br>erz\u00e4hlt davon wie Flucht und Exil Dr. Harpuder das Leben gerettet haben&#8230;<\/p>\n<\/div>\n\n\n\n<div class=\"wp-block-column is-layout-flow wp-block-column-is-layout-flow\">\n<figure class=\"wp-block-video\"><video controls poster=\"https:\/\/www.am-spiegelgasse.de\/wp-content\/uploads\/2024\/04\/Harpuder2.jpg\" src=\"https:\/\/www.am-spiegelgasse.de\/wp-content\/uploads\/2023\/09\/Harpuder_mit_Vorwort.mp4\"><\/video><\/figure>\n<\/div>\n<\/div>\n","protected":false},"excerpt":{"rendered":"<p>Filme Das AMS stellt sich vor:Wer sind wir?Was machen wir?Was wollen wir?Hier finden Sie Anworten. Film zu den Wiesbadener Stolpersteinverlegungen Im Auftrag [&hellip;]<\/p>\n","protected":false},"author":1,"featured_media":0,"parent":0,"menu_order":0,"comment_status":"closed","ping_status":"closed","template":"","meta":{"footnotes":""},"class_list":["post-590","page","type-page","status-publish","hentry"],"_links":{"self":[{"href":"https:\/\/www.am-spiegelgasse.de\/index.php\/wp-json\/wp\/v2\/pages\/590","targetHints":{"allow":["GET"]}}],"collection":[{"href":"https:\/\/www.am-spiegelgasse.de\/index.php\/wp-json\/wp\/v2\/pages"}],"about":[{"href":"https:\/\/www.am-spiegelgasse.de\/index.php\/wp-json\/wp\/v2\/types\/page"}],"author":[{"embeddable":true,"href":"https:\/\/www.am-spiegelgasse.de\/index.php\/wp-json\/wp\/v2\/users\/1"}],"replies":[{"embeddable":true,"href":"https:\/\/www.am-spiegelgasse.de\/index.php\/wp-json\/wp\/v2\/comments?post=590"}],"version-history":[{"count":18,"href":"https:\/\/www.am-spiegelgasse.de\/index.php\/wp-json\/wp\/v2\/pages\/590\/revisions"}],"predecessor-version":[{"id":2271,"href":"https:\/\/www.am-spiegelgasse.de\/index.php\/wp-json\/wp\/v2\/pages\/590\/revisions\/2271"}],"wp:attachment":[{"href":"https:\/\/www.am-spiegelgasse.de\/index.php\/wp-json\/wp\/v2\/media?parent=590"}],"curies":[{"name":"wp","href":"https:\/\/api.w.org\/{rel}","templated":true}]}}