{"id":648,"date":"2023-10-16T07:05:09","date_gmt":"2023-10-16T07:05:09","guid":{"rendered":"https:\/\/www.am-spiegelgasse.de\/?page_id=648"},"modified":"2026-01-14T10:48:50","modified_gmt":"2026-01-14T09:48:50","slug":"eb-suche","status":"publish","type":"page","link":"https:\/\/www.am-spiegelgasse.de\/index.php\/eb-suche\/","title":{"rendered":"EB-Suche"},"content":{"rendered":"\n<p class=\"has-white-color has-vivid-cyan-blue-background-color has-text-color has-background\" style=\"font-size:2.2rem\">Erinnerungsblatt-Suche<\/p>\n\n\n\n<p class=\"is-style-default has-background\" style=\"background-color:#f5f2f2;padding-top:var(--wp--preset--spacing--30);padding-right:var(--wp--preset--spacing--30);padding-bottom:var(--wp--preset--spacing--30);padding-left:var(--wp--preset--spacing--30)\"><b>Wir freuen uns, Ihnen den ersten Teil unserer neuen Suchmaschine f\u00fcr Erinnerungsbl\u00e4tter zur Verf\u00fcgung stellen zu k\u00f6nnen.<\/b><br>Sukzessive werden wir die Datenbank um weitere Datens\u00e4tze erweitern.<br><\/p>\n\n\n\n<ul style=\"background-color:#f5f2f2\" class=\"wp-block-list has-background\">\n<li>Bitte w\u00e4hlen Sie aus, welchen Namensbereich Sie angezeigt bekommen wollen und klicken dann auf den Button &#8222;Anzeigen&#8220;.<\/li>\n\n\n\n<li>Alle Erinnerungsbl\u00e4tter sind nach Nachnamen und Vornamen sortiert.<\/li>\n\n\n\n<li>Ein Klick auf den jeweiligen Namen erweitert die Ansicht nach unten, was an dem blauen Pfeil auf der rechten Seite des jeweiligen Datensatzes zu erkennen ist.<\/li>\n\n\n\n<li>Das dazugeh\u00f6rige Erinnerungsblatt, als auch weitere Details, sind dort einzusehen.<\/li>\n<\/ul>\n\n\n\n<p>Zur Zeit sind <strong>189<\/strong> Datens\u00e4tze online.<\/p>\n\n\n\n<div class=\"wp-block-columns is-layout-flex wp-container-core-columns-is-layout-28f84493 wp-block-columns-is-layout-flex\">\n<div class=\"wp-block-column is-layout-flow wp-block-column-is-layout-flow\" style=\"flex-basis:29%\">\n<Form action=\"https:\/\/www.am-spiegelgasse.de\/EB-Suche\/test.php\" method=\"Post\" target=\"EB-Suche\" style=\"padding-left: 14px;\">\nErinnerungsbl\u00e4tter von<br>\n<select class=\"Bereich\" name=\"Bereich\" size=\"1\">\n<option value=\"1\">A &#8211; C<\/option>\n<option value=\"2\">D &#8211; F<\/option>\n<option value=\"3\">G &#8211; I<\/option>\n<option value=\"4\">J &#8211; L<\/option>\n<option value=\"5\">M &#8211; P<\/option>\n<option value=\"6\">Q &#8211; S<\/option>\n<option value=\"7\">T &#8211; V<\/option>\n<option value=\"8\">W &#8211; Z<\/option>\n<\/select>\n<button class=\"submit\" type=\"submit\" name=\"1\" value=\"Anzeige\">Anzeigen<\/button>\n<\/Form>\n<\/div>\n\n\n\n<div class=\"wp-block-column is-layout-flow wp-block-column-is-layout-flow\" style=\"flex-basis:69%\"><\/div>\n<\/div>\n\n\n\n<iframe loading=\"lazy\" src=\"https:\/\/www.am-spiegelgasse.de\/EB-Suche\/test.php\" id=\"iframe\" name=\"EB-Suche\" width=\"100%\" height=\"600px\" frameborder=0 scrolling: auto;\"><\/iframe>\n","protected":false},"excerpt":{"rendered":"<p>Erinnerungsblatt-Suche Wir freuen uns, Ihnen den ersten Teil unserer neuen Suchmaschine f\u00fcr Erinnerungsbl\u00e4tter zur Verf\u00fcgung stellen zu k\u00f6nnen.Sukzessive werden wir die Datenbank [&hellip;]<\/p>\n","protected":false},"author":1,"featured_media":0,"parent":0,"menu_order":0,"comment_status":"closed","ping_status":"closed","template":"","meta":{"footnotes":""},"class_list":["post-648","page","type-page","status-publish","hentry"],"_links":{"self":[{"href":"https:\/\/www.am-spiegelgasse.de\/index.php\/wp-json\/wp\/v2\/pages\/648","targetHints":{"allow":["GET"]}}],"collection":[{"href":"https:\/\/www.am-spiegelgasse.de\/index.php\/wp-json\/wp\/v2\/pages"}],"about":[{"href":"https:\/\/www.am-spiegelgasse.de\/index.php\/wp-json\/wp\/v2\/types\/page"}],"author":[{"embeddable":true,"href":"https:\/\/www.am-spiegelgasse.de\/index.php\/wp-json\/wp\/v2\/users\/1"}],"replies":[{"embeddable":true,"href":"https:\/\/www.am-spiegelgasse.de\/index.php\/wp-json\/wp\/v2\/comments?post=648"}],"version-history":[{"count":29,"href":"https:\/\/www.am-spiegelgasse.de\/index.php\/wp-json\/wp\/v2\/pages\/648\/revisions"}],"predecessor-version":[{"id":2214,"href":"https:\/\/www.am-spiegelgasse.de\/index.php\/wp-json\/wp\/v2\/pages\/648\/revisions\/2214"}],"wp:attachment":[{"href":"https:\/\/www.am-spiegelgasse.de\/index.php\/wp-json\/wp\/v2\/media?parent=648"}],"curies":[{"name":"wp","href":"https:\/\/api.w.org\/{rel}","templated":true}]}}