{"id":68,"date":"2023-02-21T13:56:35","date_gmt":"2023-02-21T13:56:35","guid":{"rendered":"https:\/\/www.am-spiegelgasse.de\/?page_id=68"},"modified":"2025-09-03T07:58:22","modified_gmt":"2025-09-03T05:58:22","slug":"impressum","status":"publish","type":"page","link":"https:\/\/www.am-spiegelgasse.de\/index.php\/impressum\/","title":{"rendered":"Impressum"},"content":{"rendered":"\n<p class=\"has-white-color has-vivid-cyan-blue-background-color has-text-color has-background\" style=\"font-size:2.2rem\">Impressum<\/p>\n\n\n\n<p><strong>Gesch\u00e4ftsstelle (Sprechstunde des Vorstands):<\/strong><\/p>\n\n\n\n<ul class=\"wp-block-list\">\n<li>Montag, Donnerstag und Freitag<br>10:00 &#8211; 12:00 Uhr<br>oder telefonisch unter 0157 &#8211; 504 349 68<\/li>\n<\/ul>\n\n\n\n<div style=\"height:30px\" aria-hidden=\"true\" class=\"wp-block-spacer\"><\/div>\n\n\n\n<p><u>Angaben gem\u00e4\u00df \u00a7 5 TMG<\/u><br>Aktives Museum Spiegelgasse f\u00fcr Deutsch-J\u00fcdische Geschichte in Wiesbaden e.V.<br>Spiegelgasse 9<br>65183 Wiesbaden<\/p>\n\n\n\n<p>Vereinsregister: 2554<br>Registergericht: Amtsgericht Wiesbaden<\/p>\n\n\n\n<p>Steuernummer: 40 250 51379 <\/p>\n\n\n\n<p>Vertreten durch:<br>Dominique C. Pontani<br>Georg Habs<\/p>\n\n\n\n<p><u>Kontakt<\/u><br>Telefon: +49 (0) 611 &#8211; 30 52 21<br>Telefax: +49 (0) 611 &#8211; 30 56 50<br>E-Mail: <a href=\"mailto:info@am-spiegelgasse.de\">info@am-spiegelgasse.de<\/a><\/p>\n\n\n\n<p><u>Redaktionell verantwortlich<\/u><br>Georg Habs<br>c\/o<br>Aktives Museum Spiegelgasse e.V<br>Spiegelgasse 9<br>65183 Wiesbaden<\/p>\n\n\n\n<p><u>Bildnachweis<\/u><br>Logo: Aktives Museum Spiegelgasse e.V.<br>Standort: Oliver Abels \/ Wikipedia, Renate 007 \/ onlinestreet<\/p>\n\n\n\n<p><u>Haftung f\u00fcr externe Links<\/u><br>Wir bieten nur dann Links zu Webseiten Dritter (\u201eexterne Links\u201c) an, wenn die dort hinterlegten Informationen und Meinungs\u00e4u\u00dferungen unseres Erachtens eine interessante Erg\u00e4nzung unserer Darstellungen leisten.<\/p>\n\n\n\n<p>Da wir keinen Einfluss auf die aktuelle und zuk\u00fcnftige Gestaltung dieser fremden Inhalte haben, k\u00f6nnen wir f\u00fcr sie keine Gew\u00e4hr \u00fcbernehmen. Die Verantwortung f\u00fcr die Inhalte und die Richtigkeit der fremden Inhalte liegt ausschlie\u00dflich bei den Anbietern der externen Webseiten. Zum Zeitpunkt unserer Verlinkung enthielten die fremden Angebote keine f\u00fcr uns ersichtlichen rechtswidrigen Inhalte.<\/p>\n\n\n\n<p>Sobald wir Kenntnis von Rechtsverst\u00f6\u00dfen auf den verlinkten Seiten erhalten, werden die entsprechenden Links von uns entfernt. Eine st\u00e4ndige \u00dcberwachung der externen Links k\u00f6nnen wir nicht garantieren. Wenn Ihnen etwas fragw\u00fcrdig vorkommt, bitten wir um Mitteilung.<\/p>\n\n\n\n<p class=\"is-style-default\"><u>Copyright<\/u><br>Alle Inhalte dieses Internetangebots, insbesondere (Bilder, Videos, etc.), sind urheberrechtlich gesch\u00fctzt \u00a9 und unterliegen der <a style=\"text-decoration: underline; color: #0E68D5;\" href=\"https:\/\/creativecommons.org\/licenses\/by-nc-nd\/4.0\/deed.de\" target=\"_blank\" rel=\"noopener\">CC BY-NC-ND 4.0<\/a>.<br><br>Das Urheberrecht liegt, soweit nicht anders gekennzeichnet, bei &#8222;Aktives Museum Spiegelgasse&#8220;. Bitte kontaktieren Sie&nbsp;uns, wenn Sie Inhalte dieses Internetangebotes verwenden m\u00f6chten. Wer unerlaubt Inhalte kopiert oder ver\u00e4ndert, macht sich gem\u00e4\u00df \u00a7106 ff. UrhG strafbar. Er muss au\u00dferdem mit Schadensersatz rechnen.<\/p>\n","protected":false},"excerpt":{"rendered":"<p>Impressum Gesch\u00e4ftsstelle (Sprechstunde des Vorstands): Angaben gem\u00e4\u00df \u00a7 5 TMGAktives Museum Spiegelgasse f\u00fcr Deutsch-J\u00fcdische Geschichte in Wiesbaden e.V.Spiegelgasse 965183 Wiesbaden Vereinsregister: 2554Registergericht: [&hellip;]<\/p>\n","protected":false},"author":1,"featured_media":0,"parent":0,"menu_order":0,"comment_status":"closed","ping_status":"closed","template":"","meta":{"footnotes":""},"class_list":["post-68","page","type-page","status-publish","hentry"],"_links":{"self":[{"href":"https:\/\/www.am-spiegelgasse.de\/index.php\/wp-json\/wp\/v2\/pages\/68","targetHints":{"allow":["GET"]}}],"collection":[{"href":"https:\/\/www.am-spiegelgasse.de\/index.php\/wp-json\/wp\/v2\/pages"}],"about":[{"href":"https:\/\/www.am-spiegelgasse.de\/index.php\/wp-json\/wp\/v2\/types\/page"}],"author":[{"embeddable":true,"href":"https:\/\/www.am-spiegelgasse.de\/index.php\/wp-json\/wp\/v2\/users\/1"}],"replies":[{"embeddable":true,"href":"https:\/\/www.am-spiegelgasse.de\/index.php\/wp-json\/wp\/v2\/comments?post=68"}],"version-history":[{"count":4,"href":"https:\/\/www.am-spiegelgasse.de\/index.php\/wp-json\/wp\/v2\/pages\/68\/revisions"}],"predecessor-version":[{"id":1942,"href":"https:\/\/www.am-spiegelgasse.de\/index.php\/wp-json\/wp\/v2\/pages\/68\/revisions\/1942"}],"wp:attachment":[{"href":"https:\/\/www.am-spiegelgasse.de\/index.php\/wp-json\/wp\/v2\/media?parent=68"}],"curies":[{"name":"wp","href":"https:\/\/api.w.org\/{rel}","templated":true}]}}